{"id":352,"date":"2021-12-11T02:09:37","date_gmt":"2021-12-11T02:09:37","guid":{"rendered":"https:\/\/kinsley-demo.bslthemes.com\/?page_id=352"},"modified":"2023-08-27T15:33:10","modified_gmt":"2023-08-27T13:33:10","slug":"contact","status":"publish","type":"page","link":"https:\/\/villabiber.com\/hr\/contact\/","title":{"rendered":"Kontakt"},"content":{"rendered":"<div data-elementor-type=\"wp-page\" data-elementor-id=\"352\" class=\"elementor elementor-352\">\n\t\t\t\t\t\t<section class=\"elementor-section elementor-top-section elementor-element elementor-element-45b5923 elementor-section-full_width elementor-section-height-default elementor-section-height-default\" data-id=\"45b5923\" data-element_type=\"section\" data-e-type=\"section\">\n\t\t\t\t\t\t<div class=\"elementor-container elementor-column-gap-no\">\n\t\t\t\t\t<div class=\"elementor-column elementor-col-100 elementor-top-column elementor-element elementor-element-e39f301\" data-id=\"e39f301\" data-element_type=\"column\" data-e-type=\"column\">\n\t\t\t<div class=\"elementor-widget-wrap elementor-element-populated\">\n\t\t\t\t\t\t<div class=\"elementor-element elementor-element-4972d0c animated-slow e-transform elementor-invisible elementor-widget elementor-widget-kinsley-intro\" data-id=\"4972d0c\" data-element_type=\"widget\" data-e-type=\"widget\" data-settings=\"{&quot;_animation&quot;:&quot;fadeInDown&quot;,&quot;_transform_rotateZ_effect_hover&quot;:{&quot;unit&quot;:&quot;px&quot;,&quot;size&quot;:0,&quot;sizes&quot;:[]},&quot;_transform_rotateZ_effect_hover_tablet&quot;:{&quot;unit&quot;:&quot;deg&quot;,&quot;size&quot;:&quot;&quot;,&quot;sizes&quot;:[]},&quot;_transform_rotateZ_effect_hover_mobile&quot;:{&quot;unit&quot;:&quot;deg&quot;,&quot;size&quot;:&quot;&quot;,&quot;sizes&quot;:[]}}\" data-widget_type=\"kinsley-intro.default\">\n\t\t\t\t<div class=\"elementor-widget-container\">\n\t\t\t\t\t\n    <!-- banner -->\n    <section class=\"knsl-banner-simple knsl-transition-bottom\">\n      \n\t\t\t\t<img decoding=\"async\" src=\"https:\/\/villabiber.com\/wp-content\/themes\/kinsley\/assets\/img\/palm.svg\" class=\"knsl-deco-left\" alt=\"palm\" \/>\n\t\t<img decoding=\"async\" src=\"https:\/\/villabiber.com\/wp-content\/themes\/kinsley\/assets\/img\/palm.svg\" class=\"knsl-deco-right\" alt=\"palm\" \/>\n\t\t\n\t\n\t  \n      <div class=\"container\">\n        <div class=\"row\">\n          <div class=\"col-lg-12\">\n\n            <div class=\"knsl-center knsl-title-frame\">\n                            <h2 class=\"knsl-title--h knsl-mb-20 knsl-h1-inner\">\n                <span >\n                    Kontaktirajte nas                <\/span>\n              <\/h2>\n                                          <p class=\"knsl-text knsl-mb-30\">\n                <span >\n                    Tra\u017eite na\u0161u adresu? \u017delite prvo da nas pozovete? Ili mo\u017eda da nam po\u0161aljete email?                <\/span>\n              <\/p>\n              \n              <ul class=\"knsl-breadcrumbs\"><li><a href=\"https:\/\/villabiber.com\/hr\" title=\"Villa Biber\">Po\u010detna<\/a><\/li><li class=\"tst-active\"><a><\/a><\/li><\/ul>\n            <\/div>\n\n          <\/div>\n        <\/div>\n      <\/div>\n    <\/section>\n    <!-- banner end -->\n\n\t\t\t\t\t\t<\/div>\n\t\t\t\t<\/div>\n\t\t\t\t\t<\/div>\n\t\t<\/div>\n\t\t\t\t\t<\/div>\n\t\t<\/section>\n\t\t\t\t<section class=\"elementor-section elementor-top-section elementor-element elementor-element-750c0b1 elementor-section-full_width elementor-section-height-default elementor-section-height-default\" data-id=\"750c0b1\" data-element_type=\"section\" data-e-type=\"section\">\n\t\t\t\t\t\t<div class=\"elementor-container elementor-column-gap-no\">\n\t\t\t\t\t<div class=\"elementor-column elementor-col-100 elementor-top-column elementor-element elementor-element-871006b\" data-id=\"871006b\" data-element_type=\"column\" data-e-type=\"column\">\n\t\t\t<div class=\"elementor-widget-wrap elementor-element-populated\">\n\t\t\t\t\t\t<div class=\"elementor-element elementor-element-f8d5e96 elementor-widget elementor-widget-kinsley-contact-info\" data-id=\"f8d5e96\" data-element_type=\"widget\" data-e-type=\"widget\" data-widget_type=\"kinsley-contact-info.default\">\n\t\t\t\t<div class=\"elementor-widget-container\">\n\t\t\t\t\t\n\t\t<!-- contact -->\n    <section>\n\n      <div id=\"knsl-triger-1\"><\/div>\n\n      <div class=\"container\">\n\n        <!-- features card -->\n        <div class=\"knsl-features-card\">\n\t\t\t\t\t          <div class=\"row\">\n\t\t\t\t\t\t            <div class=\"col-12 col-lg-4\">\n\n              <!-- icon box -->\n              <div class=\"knsl-icon-box\">\n\t\t\t\t\t\t\t\t                <img decoding=\"async\" src=\"https:\/\/villabiber.com\/wp-content\/uploads\/2021\/12\/f-9.png\" alt=\"icon\" class=\"knsl-mb-10\" \/>\n\t\t\t\t\t\t\t\t\t\t\t\t\t\t\t\t                <h5 class=\"knsl-mb-10\">\n\t\t\t\t\t\t\t\t\t<span >\n\t\t\t\t\t\t\t\t\t\tDobro Do\u0161li\t\t\t\t\t\t\t\t\t<\/span>\n\t\t\t\t\t\t\t\t<\/h5>\n\t\t\t\t\t\t\t\t\t\t\t\t\t\t\t\t                <p>\n\t\t\t\t\t\t\t\t\t<span >\n\t\t\t\t\t\t\t\t\t\tBen\u010dini\u0107i 88b, 51211, Bregi, Croatia\t\t\t\t\t\t\t\t\t<\/span>\n\t\t\t\t\t\t\t\t<\/p>\n\t\t\t\t\t\t\t\t              <\/div>\n              <!-- icon box end -->\n\n            <\/div>\n\t\t\t\t\t\t            <div class=\"col-12 col-lg-4\">\n\n              <!-- icon box -->\n              <div class=\"knsl-icon-box\">\n\t\t\t\t\t\t\t\t                <img decoding=\"async\" src=\"https:\/\/villabiber.com\/wp-content\/uploads\/2021\/12\/f-10.png\" alt=\"icon\" class=\"knsl-mb-10\" \/>\n\t\t\t\t\t\t\t\t\t\t\t\t\t\t\t\t                <h5 class=\"knsl-mb-10\">\n\t\t\t\t\t\t\t\t\t<span >\n\t\t\t\t\t\t\t\t\t\tPozovite\t\t\t\t\t\t\t\t\t<\/span>\n\t\t\t\t\t\t\t\t<\/h5>\n\t\t\t\t\t\t\t\t\t\t\t\t\t\t\t\t                <p>\n\t\t\t\t\t\t\t\t\t<span >\n\t\t\t\t\t\t\t\t\t\t+385 (0) 997321507\t\t\t\t\t\t\t\t\t<\/span>\n\t\t\t\t\t\t\t\t<\/p>\n\t\t\t\t\t\t\t\t              <\/div>\n              <!-- icon box end -->\n\n            <\/div>\n\t\t\t\t\t\t            <div class=\"col-12 col-lg-4\">\n\n              <!-- icon box -->\n              <div class=\"knsl-icon-box\">\n\t\t\t\t\t\t\t\t                <img decoding=\"async\" src=\"https:\/\/villabiber.com\/wp-content\/uploads\/2021\/12\/f-11.png\" alt=\"icon\" class=\"knsl-mb-10\" \/>\n\t\t\t\t\t\t\t\t\t\t\t\t\t\t\t\t                <h5 class=\"knsl-mb-10\">\n\t\t\t\t\t\t\t\t\t<span >\n\t\t\t\t\t\t\t\t\t\tPi\u0161ite\t\t\t\t\t\t\t\t\t<\/span>\n\t\t\t\t\t\t\t\t<\/h5>\n\t\t\t\t\t\t\t\t\t\t\t\t\t\t\t\t                <p>\n\t\t\t\t\t\t\t\t\t<span >\n\t\t\t\t\t\t\t\t\t\tinfo@villabiber.com\t\t\t\t\t\t\t\t\t<\/span>\n\t\t\t\t\t\t\t\t<\/p>\n\t\t\t\t\t\t\t\t              <\/div>\n              <!-- icon box end -->\n\n            <\/div>\n\t\t\t\t\t\t          <\/div>\n\t\t\t\t\t        <\/div>\n        <!-- contact end -->\n\n      <\/div>\n    <\/section>\n\n\t\t\t\t\t\t<\/div>\n\t\t\t\t<\/div>\n\t\t\t\t\t<\/div>\n\t\t<\/div>\n\t\t\t\t\t<\/div>\n\t\t<\/section>\n\t\t\t\t<section class=\"elementor-section elementor-top-section elementor-element elementor-element-6865714 elementor-section-boxed elementor-section-height-default elementor-section-height-default\" data-id=\"6865714\" data-element_type=\"section\" data-e-type=\"section\">\n\t\t\t\t\t\t<div class=\"elementor-container elementor-column-gap-default\">\n\t\t\t\t\t<div class=\"elementor-column elementor-col-100 elementor-top-column elementor-element elementor-element-a870cd9\" data-id=\"a870cd9\" data-element_type=\"column\" data-e-type=\"column\">\n\t\t\t<div class=\"elementor-widget-wrap elementor-element-populated\">\n\t\t\t\t\t\t<div class=\"elementor-element elementor-element-3be8e6f elementor-widget elementor-widget-google_maps\" data-id=\"3be8e6f\" data-element_type=\"widget\" data-e-type=\"widget\" data-widget_type=\"google_maps.default\">\n\t\t\t\t<div class=\"elementor-widget-container\">\n\t\t\t\t\t\t\t<div class=\"elementor-custom-embed\">\n\t\t\t<iframe loading=\"lazy\"\n\t\t\t\t\tsrc=\"https:\/\/maps.google.com\/maps?q=vila%20biber&#038;t=m&#038;z=10&#038;output=embed&#038;iwloc=near\"\n\t\t\t\t\ttitle=\"vila biber\"\n\t\t\t\t\taria-label=\"vila biber\"\n\t\t\t><\/iframe>\n\t\t<\/div>\n\t\t\t\t\t\t<\/div>\n\t\t\t\t<\/div>\n\t\t\t\t\t<\/div>\n\t\t<\/div>\n\t\t\t\t\t<\/div>\n\t\t<\/section>\n\t\t\t\t<section class=\"elementor-section elementor-top-section elementor-element elementor-element-1e8de2f elementor-section-boxed elementor-section-height-default elementor-section-height-default\" data-id=\"1e8de2f\" data-element_type=\"section\" data-e-type=\"section\">\n\t\t\t\t\t\t<div class=\"elementor-container elementor-column-gap-default\">\n\t\t\t\t\t<div class=\"elementor-column elementor-col-100 elementor-top-column elementor-element elementor-element-206b181\" data-id=\"206b181\" data-element_type=\"column\" data-e-type=\"column\">\n\t\t\t<div class=\"elementor-widget-wrap elementor-element-populated\">\n\t\t\t\t\t\t<div class=\"elementor-element elementor-element-1fae14b elementor-widget-divider--view-line elementor-widget elementor-widget-divider\" data-id=\"1fae14b\" data-element_type=\"widget\" data-e-type=\"widget\" data-widget_type=\"divider.default\">\n\t\t\t\t<div class=\"elementor-widget-container\">\n\t\t\t\t\t\t\t<div class=\"elementor-divider\">\n\t\t\t<span class=\"elementor-divider-separator\">\n\t\t\t\t\t\t<\/span>\n\t\t<\/div>\n\t\t\t\t\t\t<\/div>\n\t\t\t\t<\/div>\n\t\t\t\t\t<\/div>\n\t\t<\/div>\n\t\t\t\t\t<\/div>\n\t\t<\/section>\n\t\t\t\t<section class=\"elementor-section elementor-top-section elementor-element elementor-element-304871b elementor-section-full_width elementor-section-height-default elementor-section-height-default\" data-id=\"304871b\" data-element_type=\"section\" data-e-type=\"section\">\n\t\t\t\t\t\t<div class=\"elementor-container elementor-column-gap-no\">\n\t\t\t\t\t<div class=\"elementor-column elementor-col-100 elementor-top-column elementor-element elementor-element-4ada694\" data-id=\"4ada694\" data-element_type=\"column\" data-e-type=\"column\">\n\t\t\t<div class=\"elementor-widget-wrap elementor-element-populated\">\n\t\t\t\t\t\t<div class=\"elementor-element elementor-element-e986a20 elementor-widget__width-initial elementor-widget elementor-widget-kinsley-contact-form\" data-id=\"e986a20\" data-element_type=\"widget\" data-e-type=\"widget\" data-widget_type=\"kinsley-contact-form.default\">\n\t\t\t\t<div class=\"elementor-widget-container\">\n\t\t\t\t\t\n    <section class=\"knsl-transition-top knsl-p-0-100\">\n      \n\t\t\t\t<img decoding=\"async\" src=\"https:\/\/villabiber.com\/wp-content\/themes\/kinsley\/assets\/img\/palm.svg\" class=\"knsl-deco-left\" alt=\"palm\" \/>\n\t\t<img decoding=\"async\" src=\"https:\/\/villabiber.com\/wp-content\/themes\/kinsley\/assets\/img\/palm.svg\" class=\"knsl-deco-right\" alt=\"palm\" \/>\n\t\t\n\t\n      <div class=\"container\">\n        <div class=\"row\">\n                    <div class=\"col-lg-12\">\n            <div class=\"knsl-center knsl-title-frame knsl-scroll-animation knsl-mb-100\">\n                            <h2 class=\"knsl-title--h knsl-mb-20\">\n                <span >\n                    Lux Villa Biber Vas \u010deka!                <\/span>\n              <\/h2>\n                                          <p class=\"knsl-text knsl-mb-30\">\n                <span >\n                    Zaljev Kvarner nalazi se u sjevernom jadranskom moru, izme\u0111u Istrijanskog poluotoka i sjevernog hrvatskog primorskog kopna. Najve\u0107i otoci unutar Kvarnera su Cres, Krk, Pag, Rab i Lo\u0161inj. Villa Biber nudi svu udobnost doma sa gostoprimstvom svjetske klase koje iskusni putnici o\u010dekuju od Hrvatskog Sredozemlja. U\u017eivajte u prednostima glavne lokacije luksuzne vile u Opatiji i prepustite se opu\u0161tanju i spokoju koje ovo prekrasno mjesto mo\u017ee ponuditi.                <\/span>\n              <\/p>\n                                          <a href=\"\/hr\/kinsley\/about\/\" class=\"knsl-btn knsl-btn-md\">\n                <span >\n                    Vi\u0161e o nama                <\/span>\n              <\/a>\n                          <\/div>\n          <\/div>\n                              <div class=\"col-lg-12\">\n            <div class=\"knsl-scroll-animation-default\">\n              \n<div class=\"wpcf7 no-js\" id=\"wpcf7-f384-o1\" lang=\"en-US\" dir=\"ltr\" data-wpcf7-id=\"384\">\n<div class=\"screen-reader-response\"><p role=\"status\" aria-live=\"polite\" aria-atomic=\"true\"><\/p> <ul><\/ul><\/div>\n<form action=\"\/hr\/wp-json\/wp\/v2\/pages\/352#wpcf7-f384-o1\" method=\"post\" class=\"wpcf7-form init\" aria-label=\"Contact form\" novalidate=\"novalidate\" data-status=\"init\" data-trp-original-action=\"\/hr\/wp-json\/wp\/v2\/pages\/352#wpcf7-f384-o1\">\n<fieldset class=\"hidden-fields-container\"><input type=\"hidden\" name=\"_wpcf7\" value=\"384\" \/><input type=\"hidden\" name=\"_wpcf7_version\" value=\"6.1.5\" \/><input type=\"hidden\" name=\"_wpcf7_locale\" value=\"en_US\" \/><input type=\"hidden\" name=\"_wpcf7_unit_tag\" value=\"wpcf7-f384-o1\" \/><input type=\"hidden\" name=\"_wpcf7_container_post\" value=\"0\" \/><input type=\"hidden\" name=\"_wpcf7_posted_data_hash\" value=\"\" \/><input type=\"hidden\" name=\"_wpcf7_recaptcha_response\" value=\"\" \/>\n<\/fieldset>\n<div class=\"row\">\n  <div class=\"col-lg-6\">\n    <span class=\"wpcf7-form-control-wrap\" data-name=\"cf-name\"><input size=\"40\" maxlength=\"400\" class=\"wpcf7-form-control wpcf7-text wpcf7-validates-as-required\" aria-required=\"true\" aria-invalid=\"false\" placeholder=\"Ime\" value=\"\" type=\"text\" name=\"cf-name\" \/><\/span>\n  <\/div>\n  <div class=\"col-lg-6\">\n    <span class=\"wpcf7-form-control-wrap\" data-name=\"cf-email\"><input size=\"40\" maxlength=\"400\" class=\"wpcf7-form-control wpcf7-email wpcf7-validates-as-required wpcf7-text wpcf7-validates-as-email\" aria-required=\"true\" aria-invalid=\"false\" placeholder=\"Prezime\" value=\"\" type=\"email\" name=\"cf-email\" \/><\/span>\n  <\/div>\n  <div class=\"col-lg-12\">\n    <span class=\"wpcf7-form-control-wrap\" data-name=\"cf-message\"><textarea cols=\"40\" rows=\"10\" maxlength=\"2000\" class=\"wpcf7-form-control wpcf7-textarea\" aria-invalid=\"false\" placeholder=\"Poruka\" name=\"cf-message\"><\/textarea><\/span>\n  <\/div>\n  <div class=\"col-lg-12\">\n    <div class=\"knsl-form-submit-frame\">\n      <button type=\"submit\" class=\"knsl-btn\">Po\u0161alji<\/button>\n      <div class=\"knsl-text-sm\">*Ove\u0107avamo da ne\u0107emo otkiriti Va\u0161e privatne informacije tre\u0107im licima.<\/div>\n    <\/div>\n  <\/div>\n<\/div><p style=\"display: none !important;\" class=\"akismet-fields-container\" data-prefix=\"_wpcf7_ak_\"><label>&#916;<textarea name=\"_wpcf7_ak_hp_textarea\" cols=\"45\" rows=\"8\" maxlength=\"100\"><\/textarea><\/label><input type=\"hidden\" id=\"ak_js_1\" name=\"_wpcf7_ak_js\" value=\"180\"\/><script>document.getElementById( \"ak_js_1\" ).setAttribute( \"value\", ( new Date() ).getTime() );<\/script><\/p><div class=\"wpcf7-response-output\" aria-hidden=\"true\"><\/div>\n<input type=\"hidden\" name=\"trp-form-language\" value=\"hr\"\/><\/form>\n<\/div>\n            <\/div>\n          <\/div>\n                  <\/div>\n      <\/div>\n    <\/section>\n\n\t\t\t\t\t\t<\/div>\n\t\t\t\t<\/div>\n\t\t\t\t\t<\/div>\n\t\t<\/div>\n\t\t\t\t\t<\/div>\n\t\t<\/section>\n\t\t\t\t<\/div>","protected":false},"excerpt":{"rendered":"<p>Get in Touch Looking for our address? Want to call us first? Or maybe to write initial email? Home Welcome&#8230; <span class=\"knsl-el-more\"><a href=\"https:\/\/villabiber.com\/hr\/contact\/\" class=\"knsl-btn\">Read more<span class=\"screen-reader-text\">Read more&nbsp;Contact<\/span><\/a><\/span><\/p>","protected":false},"author":1,"featured_media":0,"parent":0,"menu_order":0,"comment_status":"closed","ping_status":"closed","template":"template-layout-builder.php","meta":{"footnotes":""},"class_list":["post-352","page","type-page","status-publish","hentry"],"acf":[],"jetpack_sharing_enabled":true,"_links":{"self":[{"href":"https:\/\/villabiber.com\/hr\/wp-json\/wp\/v2\/pages\/352","targetHints":{"allow":["GET"]}}],"collection":[{"href":"https:\/\/villabiber.com\/hr\/wp-json\/wp\/v2\/pages"}],"about":[{"href":"https:\/\/villabiber.com\/hr\/wp-json\/wp\/v2\/types\/page"}],"author":[{"embeddable":true,"href":"https:\/\/villabiber.com\/hr\/wp-json\/wp\/v2\/users\/1"}],"replies":[{"embeddable":true,"href":"https:\/\/villabiber.com\/hr\/wp-json\/wp\/v2\/comments?post=352"}],"version-history":[{"count":73,"href":"https:\/\/villabiber.com\/hr\/wp-json\/wp\/v2\/pages\/352\/revisions"}],"predecessor-version":[{"id":4680,"href":"https:\/\/villabiber.com\/hr\/wp-json\/wp\/v2\/pages\/352\/revisions\/4680"}],"wp:attachment":[{"href":"https:\/\/villabiber.com\/hr\/wp-json\/wp\/v2\/media?parent=352"}],"curies":[{"name":"wp","href":"https:\/\/api.w.org\/{rel}","templated":true}]}}